{"id":19,"date":"2022-02-20T12:35:38","date_gmt":"2022-02-20T12:35:38","guid":{"rendered":"https:\/\/doppelkruste.de\/?page_id=19"},"modified":"2026-03-04T14:09:06","modified_gmt":"2026-03-04T14:09:06","slug":"startseite","status":"publish","type":"page","link":"https:\/\/doppelkruste.de\/","title":{"rendered":"Startseite"},"content":{"rendered":"\n<div class=\"alignnormal\"><div id=\"metaslider-id-62\" style=\"width: 100%; margin: 0 auto;\" class=\"ml-slider-3-107-0 metaslider metaslider-flex metaslider-62 ml-slider has-dots-nav ms-theme-default\" role=\"region\" aria-label=\"Neue Slideshow\" data-height=\"411\" data-width=\"700\">\n    <div id=\"metaslider_container_62\">\n        <div id=\"metaslider_62\">\n            <ul class='slides'>\n                <li style=\"display: block; width: 100%;\" class=\"slide-211 ms-image \" aria-roledescription=\"slide\" data-date=\"2022-02-22 21:52:42\" data-filename=\"slider1-4-700x411.png\" data-slide-type=\"image\"><img loading=\"lazy\" decoding=\"async\" src=\"https:\/\/doppelkruste.de\/wp-content\/uploads\/2022\/02\/slider1-4-700x411.png\" height=\"411\" width=\"700\" alt=\"\" class=\"slider-62 slide-211 msDefaultImage\" title=\"slider1\" \/><\/li>\n                <li style=\"display: none; width: 100%;\" class=\"slide-213 ms-image \" aria-roledescription=\"slide\" data-date=\"2022-02-22 21:53:07\" data-filename=\"Logo-gestreckt-1-700x411.png\" data-slide-type=\"image\"><img loading=\"lazy\" decoding=\"async\" src=\"https:\/\/doppelkruste.de\/wp-content\/uploads\/2022\/02\/Logo-gestreckt-1-700x411.png\" height=\"411\" width=\"700\" alt=\"\" class=\"slider-62 slide-213 msDefaultImage\" title=\"Logo-gestreckt\" \/><\/li>\n                <li style=\"display: none; width: 100%;\" class=\"slide-292 ms-image \" aria-roledescription=\"slide\" data-date=\"2022-08-27 09:32:15\" data-filename=\"Beitrag-gesuender-geht-immer-700x411.jpg\" data-slide-type=\"image\"><img loading=\"lazy\" decoding=\"async\" src=\"https:\/\/doppelkruste.de\/wp-content\/uploads\/2022\/08\/Beitrag-gesuender-geht-immer-700x411.jpg\" height=\"411\" width=\"700\" alt=\"\" class=\"slider-62 slide-292 msDefaultImage\" title=\"Beitrag ges\u00fcnder geht immer\" \/><\/li>\n            <\/ul>\n        <\/div>\n        \n    <\/div>\n<\/div><\/div>\n\n\n\n<figure class=\"wp-block-image size-full\"><img loading=\"lazy\" decoding=\"async\" width=\"25\" height=\"25\" src=\"https:\/\/doppelkruste.de\/wp-content\/uploads\/2022\/02\/abstand.png\" alt=\"\" class=\"wp-image-165\"\/><\/figure>\n\n\n\n<h1 class=\"wp-block-heading has-text-align-center has-small-font-size\" id=\"herzlich-willkommen-bei-ihrer-backerei-prisching\"><strong>Herzlich Willkommen bei Ihrer B\u00e4ckerei Prisching<\/strong><\/h1>\n\n\n\n<p class=\"has-text-align-center\"><strong>Aus Tradition kommt der Geschmack von eigener Hand die Qualit\u00e4t.<\/strong><br><strong>Wir backen tats\u00e4chlich traditionell, mit HERZBLUT.<\/strong><br><strong>Alle unsere Backwaren werden jeden Tag mit nat\u00fcrlichen Zutaten von Hand geformt und frisch gebacken.<\/strong><\/p>\n\n\n\n<p class=\"has-text-align-center has-text-color has-link-color has-extra-large-font-size wp-elements-ef08bc60dac6c53c790ba41faf0a1d6a\" style=\"color:#ff0000\">Unsere Termine<\/p>\n\n\n<div class=\"wp-block-image\">\n<figure class=\"aligncenter size-full\"><img loading=\"lazy\" decoding=\"async\" width=\"337\" height=\"500\" src=\"https:\/\/doppelkruste.de\/wp-content\/uploads\/2026\/03\/prisching5.png\" alt=\"\" class=\"wp-image-569\" srcset=\"https:\/\/doppelkruste.de\/wp-content\/uploads\/2026\/03\/prisching5.png 337w, https:\/\/doppelkruste.de\/wp-content\/uploads\/2026\/03\/prisching5-202x300.png 202w\" sizes=\"auto, (max-width: 337px) 100vw, 337px\" \/><\/figure>\n<\/div>\n\n\n<p class=\"has-text-align-center has-medium-font-size\"><strong>mobil: 0152 537 05 099<\/strong><\/p>\n\n\n\n<p class=\"has-text-align-center has-medium-font-size\"><strong>06349\/6835<\/strong><\/p>\n\n\n\n<p class=\"has-text-align-center has-accent-color has-text-color has-large-font-size\"><\/p>\n","protected":false},"excerpt":{"rendered":"<p>Herzlich Willkommen bei Ihrer B\u00e4ckerei Prisching Aus Tradition kommt der Geschmack von eigener Hand die Qualit\u00e4t.Wir backen tats\u00e4chlich traditionell, mit HERZBLUT.Alle unsere Backwaren werden jeden Tag mit nat\u00fcrlichen Zutaten von Hand geformt und frisch gebacken. Unsere Termine mobil: 0152 537 05 099 06349\/6835<\/p>\n","protected":false},"author":1,"featured_media":0,"parent":0,"menu_order":0,"comment_status":"closed","ping_status":"closed","template":"","meta":{"pgc_sgb_lightbox_settings":"","gt_page_layout":"","gt_hide_page_title":false,"gt_remove_bottom_margin":false,"footnotes":""},"class_list":["post-19","page","type-page","status-publish","hentry"],"_links":{"self":[{"href":"https:\/\/doppelkruste.de\/index.php?rest_route=\/wp\/v2\/pages\/19","targetHints":{"allow":["GET"]}}],"collection":[{"href":"https:\/\/doppelkruste.de\/index.php?rest_route=\/wp\/v2\/pages"}],"about":[{"href":"https:\/\/doppelkruste.de\/index.php?rest_route=\/wp\/v2\/types\/page"}],"author":[{"embeddable":true,"href":"https:\/\/doppelkruste.de\/index.php?rest_route=\/wp\/v2\/users\/1"}],"replies":[{"embeddable":true,"href":"https:\/\/doppelkruste.de\/index.php?rest_route=%2Fwp%2Fv2%2Fcomments&post=19"}],"version-history":[{"count":35,"href":"https:\/\/doppelkruste.de\/index.php?rest_route=\/wp\/v2\/pages\/19\/revisions"}],"predecessor-version":[{"id":572,"href":"https:\/\/doppelkruste.de\/index.php?rest_route=\/wp\/v2\/pages\/19\/revisions\/572"}],"wp:attachment":[{"href":"https:\/\/doppelkruste.de\/index.php?rest_route=%2Fwp%2Fv2%2Fmedia&parent=19"}],"curies":[{"name":"wp","href":"https:\/\/api.w.org\/{rel}","templated":true}]}}